{"id":9562,"date":"2023-05-26T19:44:30","date_gmt":"2023-05-26T19:44:30","guid":{"rendered":"https:\/\/terramarecielo.it\/associazione\/?post_type=product&#038;p=9562"},"modified":"2023-06-04T14:16:57","modified_gmt":"2023-06-04T14:16:57","slug":"sottoscrizione-come-sostenitore-azienda","status":"publish","type":"product","link":"https:\/\/terramarecielo.it\/associazione\/prodotto\/sottoscrizione-come-sostenitore-azienda\/","title":{"rendered":"TMC Card &#8211; Sottoscrizione come sostenitore (azienda)"},"content":{"rendered":"<p>Sostienici con una sottoscrizione come azienda!<br \/>\nCon un importo contenuto potrai aiutarci ad implementare ulteriormente i &#8220;nostri&#8221; progetti e grazie alla tessera dedicata che riceverai la tua impresa potr\u00e0 accedere agli sconti e alle convenzioni che l&#8217;Associazione ha stipulato con partner commerciali nei molti settori in cui \u00e8 attiva.<br \/>\nLa sottoscrizione avr\u00e0 durata un anno dalla data del pagamento, periodo nel quale sar\u00e0 possibile sfruttare senza limiti tutti i vantaggi concessi che verranno riepilogati anche nell&#8217;area riservata.<br \/>\nLa quota versata \u00e8 considerata una donazione una tantum ed \u00e8 detraibile secondo le norme fiscali vigenti. Date le caratteristiche specifiche non \u00e8 previsto nessun tipo di tacito rinnovo n\u00e8 di recesso.<\/p>\n<p>N.B.: in ossequio alle normative vigenti a ciascun Codice Fiscale, sia per privato che azienda, \u00e8 concessa la sottoscrizione di un&#8217;unica TMC Card in ragione d&#8217;anno. Non verranno emesse nuove tessere al medesimo sottoscrittore prima della scadenza prevista.<\/p>\n","protected":false},"excerpt":{"rendered":"<p>Sostienici con una sottoscrizione come azienda!<br \/>\nRiceverai la &#8220;TMC Card &#8211; Tessera sostenitore&#8221; che d\u00e0 diritto all&#8217;accesso alle convenzioni e agli sconti riservati.<br \/>\nNon \u00e8 previsto n\u00e8 il tacito rinnovo n\u00e8 alcun ulteriore obbligo.<\/p>\n","protected":false},"featured_media":9554,"comment_status":"closed","ping_status":"closed","template":"","meta":{"give_campaign_id":0},"product_brand":[],"product_cat":[23],"product_tag":[],"class_list":{"0":"post-9562","1":"product","2":"type-product","3":"status-publish","4":"has-post-thumbnail","6":"product_cat-adesione-soci-e-sostenitori","8":"first","9":"instock","10":"virtual","11":"sold-individually","12":"taxable","13":"purchasable","14":"product-type-simple"},"yoast_head":"<!-- This site is optimized with the Yoast SEO plugin v26.1.1 - https:\/\/yoast.com\/wordpress\/plugins\/seo\/ -->\n<title>TMC Card - Sottoscrizione come sostenitore (azienda) - Terra Mare Cielo - Associazione di Promozione Sociale<\/title>\n<meta name=\"robots\" content=\"index, follow, max-snippet:-1, max-image-preview:large, max-video-preview:-1\" \/>\n<link rel=\"canonical\" href=\"https:\/\/terramarecielo.it\/associazione\/prodotto\/sottoscrizione-come-sostenitore-azienda\/\" \/>\n<meta property=\"og:locale\" content=\"it_IT\" \/>\n<meta property=\"og:type\" content=\"article\" \/>\n<meta property=\"og:title\" content=\"TMC Card - Sottoscrizione come sostenitore (azienda) - Terra Mare Cielo - Associazione di Promozione Sociale\" \/>\n<meta property=\"og:description\" content=\"Sostienici con una sottoscrizione come azienda! Riceverai la &quot;TMC Card - Tessera sostenitore&quot; che d\u00e0 diritto all&#039;accesso alle convenzioni e agli sconti riservati. Non \u00e8 previsto n\u00e8 il tacito rinnovo n\u00e8 alcun ulteriore obbligo.\" \/>\n<meta property=\"og:url\" content=\"https:\/\/terramarecielo.it\/associazione\/prodotto\/sottoscrizione-come-sostenitore-azienda\/\" \/>\n<meta property=\"og:site_name\" content=\"Terra Mare Cielo - Associazione di Promozione Sociale\" \/>\n<meta property=\"article:publisher\" content=\"https:\/\/www.facebook.com\/terramarecielo\" \/>\n<meta property=\"article:modified_time\" content=\"2023-06-04T14:16:57+00:00\" \/>\n<meta property=\"og:image\" content=\"https:\/\/terramarecielo.it\/associazione\/wp-content\/uploads\/2023\/05\/tmccard_sostenitore_azienda.jpg\" \/>\n\t<meta property=\"og:image:width\" content=\"1200\" \/>\n\t<meta property=\"og:image:height\" content=\"800\" \/>\n\t<meta property=\"og:image:type\" content=\"image\/jpeg\" \/>\n<meta name=\"twitter:card\" content=\"summary_large_image\" \/>\n<meta name=\"twitter:label1\" content=\"Tempo di lettura stimato\" \/>\n\t<meta name=\"twitter:data1\" content=\"1 minuto\" \/>\n<script type=\"application\/ld+json\" class=\"yoast-schema-graph\">{\"@context\":\"https:\/\/schema.org\",\"@graph\":[{\"@type\":\"WebPage\",\"@id\":\"https:\/\/terramarecielo.it\/associazione\/prodotto\/sottoscrizione-come-sostenitore-azienda\/\",\"url\":\"https:\/\/terramarecielo.it\/associazione\/prodotto\/sottoscrizione-come-sostenitore-azienda\/\",\"name\":\"TMC Card - Sottoscrizione come sostenitore (azienda) - Terra Mare Cielo - Associazione di Promozione Sociale\",\"isPartOf\":{\"@id\":\"https:\/\/terramarecielo.it\/associazione\/#website\"},\"primaryImageOfPage\":{\"@id\":\"https:\/\/terramarecielo.it\/associazione\/prodotto\/sottoscrizione-come-sostenitore-azienda\/#primaryimage\"},\"image\":{\"@id\":\"https:\/\/terramarecielo.it\/associazione\/prodotto\/sottoscrizione-come-sostenitore-azienda\/#primaryimage\"},\"thumbnailUrl\":\"https:\/\/terramarecielo.it\/associazione\/wp-content\/uploads\/2023\/05\/tmccard_sostenitore_azienda.jpg\",\"datePublished\":\"2023-05-26T19:44:30+00:00\",\"dateModified\":\"2023-06-04T14:16:57+00:00\",\"breadcrumb\":{\"@id\":\"https:\/\/terramarecielo.it\/associazione\/prodotto\/sottoscrizione-come-sostenitore-azienda\/#breadcrumb\"},\"inLanguage\":\"it-IT\",\"potentialAction\":[{\"@type\":\"ReadAction\",\"target\":[\"https:\/\/terramarecielo.it\/associazione\/prodotto\/sottoscrizione-come-sostenitore-azienda\/\"]}]},{\"@type\":\"ImageObject\",\"inLanguage\":\"it-IT\",\"@id\":\"https:\/\/terramarecielo.it\/associazione\/prodotto\/sottoscrizione-come-sostenitore-azienda\/#primaryimage\",\"url\":\"https:\/\/terramarecielo.it\/associazione\/wp-content\/uploads\/2023\/05\/tmccard_sostenitore_azienda.jpg\",\"contentUrl\":\"https:\/\/terramarecielo.it\/associazione\/wp-content\/uploads\/2023\/05\/tmccard_sostenitore_azienda.jpg\",\"width\":1200,\"height\":800},{\"@type\":\"BreadcrumbList\",\"@id\":\"https:\/\/terramarecielo.it\/associazione\/prodotto\/sottoscrizione-come-sostenitore-azienda\/#breadcrumb\",\"itemListElement\":[{\"@type\":\"ListItem\",\"position\":1,\"name\":\"Home\",\"item\":\"https:\/\/terramarecielo.it\/associazione\/\"},{\"@type\":\"ListItem\",\"position\":2,\"name\":\"Shop\",\"item\":\"https:\/\/terramarecielo.it\/associazione\/negozio\/\"},{\"@type\":\"ListItem\",\"position\":3,\"name\":\"TMC Card &#8211; Sottoscrizione come sostenitore (azienda)\"}]},{\"@type\":\"WebSite\",\"@id\":\"https:\/\/terramarecielo.it\/associazione\/#website\",\"url\":\"https:\/\/terramarecielo.it\/associazione\/\",\"name\":\"Terra Mare Cielo - Associazione di Promozione Sociale\",\"description\":\"Terra Mare Cielo - Associazione di Promozione Sociale\",\"publisher\":{\"@id\":\"https:\/\/terramarecielo.it\/associazione\/#organization\"},\"potentialAction\":[{\"@type\":\"SearchAction\",\"target\":{\"@type\":\"EntryPoint\",\"urlTemplate\":\"https:\/\/terramarecielo.it\/associazione\/?s={search_term_string}\"},\"query-input\":{\"@type\":\"PropertyValueSpecification\",\"valueRequired\":true,\"valueName\":\"search_term_string\"}}],\"inLanguage\":\"it-IT\"},{\"@type\":\"Organization\",\"@id\":\"https:\/\/terramarecielo.it\/associazione\/#organization\",\"name\":\"Terra Mare Cielo - Associazione di Promozione Sociale\",\"url\":\"https:\/\/terramarecielo.it\/associazione\/\",\"logo\":{\"@type\":\"ImageObject\",\"inLanguage\":\"it-IT\",\"@id\":\"https:\/\/terramarecielo.it\/associazione\/#\/schema\/logo\/image\/\",\"url\":\"https:\/\/terramarecielo.it\/associazione\/wp-content\/uploads\/2023\/03\/logo-definitivo_white_variante.png\",\"contentUrl\":\"https:\/\/terramarecielo.it\/associazione\/wp-content\/uploads\/2023\/03\/logo-definitivo_white_variante.png\",\"width\":3718,\"height\":3095,\"caption\":\"Terra Mare Cielo - Associazione di Promozione Sociale\"},\"image\":{\"@id\":\"https:\/\/terramarecielo.it\/associazione\/#\/schema\/logo\/image\/\"},\"sameAs\":[\"https:\/\/www.facebook.com\/terramarecielo\",\"https:\/\/www.instagram.com\/terramarecielo.it\/\"]}]}<\/script>\n<!-- \/ Yoast SEO plugin. -->","yoast_head_json":{"title":"TMC Card - Sottoscrizione come sostenitore (azienda) - Terra Mare Cielo - Associazione di Promozione Sociale","robots":{"index":"index","follow":"follow","max-snippet":"max-snippet:-1","max-image-preview":"max-image-preview:large","max-video-preview":"max-video-preview:-1"},"canonical":"https:\/\/terramarecielo.it\/associazione\/prodotto\/sottoscrizione-come-sostenitore-azienda\/","og_locale":"it_IT","og_type":"article","og_title":"TMC Card - Sottoscrizione come sostenitore (azienda) - Terra Mare Cielo - Associazione di Promozione Sociale","og_description":"Sostienici con una sottoscrizione come azienda! Riceverai la \"TMC Card - Tessera sostenitore\" che d\u00e0 diritto all'accesso alle convenzioni e agli sconti riservati. Non \u00e8 previsto n\u00e8 il tacito rinnovo n\u00e8 alcun ulteriore obbligo.","og_url":"https:\/\/terramarecielo.it\/associazione\/prodotto\/sottoscrizione-come-sostenitore-azienda\/","og_site_name":"Terra Mare Cielo - Associazione di Promozione Sociale","article_publisher":"https:\/\/www.facebook.com\/terramarecielo","article_modified_time":"2023-06-04T14:16:57+00:00","og_image":[{"width":1200,"height":800,"url":"https:\/\/terramarecielo.it\/associazione\/wp-content\/uploads\/2023\/05\/tmccard_sostenitore_azienda.jpg","type":"image\/jpeg"}],"twitter_card":"summary_large_image","twitter_misc":{"Tempo di lettura stimato":"1 minuto"},"schema":{"@context":"https:\/\/schema.org","@graph":[{"@type":"WebPage","@id":"https:\/\/terramarecielo.it\/associazione\/prodotto\/sottoscrizione-come-sostenitore-azienda\/","url":"https:\/\/terramarecielo.it\/associazione\/prodotto\/sottoscrizione-come-sostenitore-azienda\/","name":"TMC Card - Sottoscrizione come sostenitore (azienda) - Terra Mare Cielo - Associazione di Promozione Sociale","isPartOf":{"@id":"https:\/\/terramarecielo.it\/associazione\/#website"},"primaryImageOfPage":{"@id":"https:\/\/terramarecielo.it\/associazione\/prodotto\/sottoscrizione-come-sostenitore-azienda\/#primaryimage"},"image":{"@id":"https:\/\/terramarecielo.it\/associazione\/prodotto\/sottoscrizione-come-sostenitore-azienda\/#primaryimage"},"thumbnailUrl":"https:\/\/terramarecielo.it\/associazione\/wp-content\/uploads\/2023\/05\/tmccard_sostenitore_azienda.jpg","datePublished":"2023-05-26T19:44:30+00:00","dateModified":"2023-06-04T14:16:57+00:00","breadcrumb":{"@id":"https:\/\/terramarecielo.it\/associazione\/prodotto\/sottoscrizione-come-sostenitore-azienda\/#breadcrumb"},"inLanguage":"it-IT","potentialAction":[{"@type":"ReadAction","target":["https:\/\/terramarecielo.it\/associazione\/prodotto\/sottoscrizione-come-sostenitore-azienda\/"]}]},{"@type":"ImageObject","inLanguage":"it-IT","@id":"https:\/\/terramarecielo.it\/associazione\/prodotto\/sottoscrizione-come-sostenitore-azienda\/#primaryimage","url":"https:\/\/terramarecielo.it\/associazione\/wp-content\/uploads\/2023\/05\/tmccard_sostenitore_azienda.jpg","contentUrl":"https:\/\/terramarecielo.it\/associazione\/wp-content\/uploads\/2023\/05\/tmccard_sostenitore_azienda.jpg","width":1200,"height":800},{"@type":"BreadcrumbList","@id":"https:\/\/terramarecielo.it\/associazione\/prodotto\/sottoscrizione-come-sostenitore-azienda\/#breadcrumb","itemListElement":[{"@type":"ListItem","position":1,"name":"Home","item":"https:\/\/terramarecielo.it\/associazione\/"},{"@type":"ListItem","position":2,"name":"Shop","item":"https:\/\/terramarecielo.it\/associazione\/negozio\/"},{"@type":"ListItem","position":3,"name":"TMC Card &#8211; Sottoscrizione come sostenitore (azienda)"}]},{"@type":"WebSite","@id":"https:\/\/terramarecielo.it\/associazione\/#website","url":"https:\/\/terramarecielo.it\/associazione\/","name":"Terra Mare Cielo - Associazione di Promozione Sociale","description":"Terra Mare Cielo - Associazione di Promozione Sociale","publisher":{"@id":"https:\/\/terramarecielo.it\/associazione\/#organization"},"potentialAction":[{"@type":"SearchAction","target":{"@type":"EntryPoint","urlTemplate":"https:\/\/terramarecielo.it\/associazione\/?s={search_term_string}"},"query-input":{"@type":"PropertyValueSpecification","valueRequired":true,"valueName":"search_term_string"}}],"inLanguage":"it-IT"},{"@type":"Organization","@id":"https:\/\/terramarecielo.it\/associazione\/#organization","name":"Terra Mare Cielo - Associazione di Promozione Sociale","url":"https:\/\/terramarecielo.it\/associazione\/","logo":{"@type":"ImageObject","inLanguage":"it-IT","@id":"https:\/\/terramarecielo.it\/associazione\/#\/schema\/logo\/image\/","url":"https:\/\/terramarecielo.it\/associazione\/wp-content\/uploads\/2023\/03\/logo-definitivo_white_variante.png","contentUrl":"https:\/\/terramarecielo.it\/associazione\/wp-content\/uploads\/2023\/03\/logo-definitivo_white_variante.png","width":3718,"height":3095,"caption":"Terra Mare Cielo - Associazione di Promozione Sociale"},"image":{"@id":"https:\/\/terramarecielo.it\/associazione\/#\/schema\/logo\/image\/"},"sameAs":["https:\/\/www.facebook.com\/terramarecielo","https:\/\/www.instagram.com\/terramarecielo.it\/"]}]}},"_links":{"self":[{"href":"https:\/\/terramarecielo.it\/associazione\/wp-json\/wp\/v2\/product\/9562","targetHints":{"allow":["GET"]}}],"collection":[{"href":"https:\/\/terramarecielo.it\/associazione\/wp-json\/wp\/v2\/product"}],"about":[{"href":"https:\/\/terramarecielo.it\/associazione\/wp-json\/wp\/v2\/types\/product"}],"replies":[{"embeddable":true,"href":"https:\/\/terramarecielo.it\/associazione\/wp-json\/wp\/v2\/comments?post=9562"}],"wp:featuredmedia":[{"embeddable":true,"href":"https:\/\/terramarecielo.it\/associazione\/wp-json\/wp\/v2\/media\/9554"}],"wp:attachment":[{"href":"https:\/\/terramarecielo.it\/associazione\/wp-json\/wp\/v2\/media?parent=9562"}],"wp:term":[{"taxonomy":"product_brand","embeddable":true,"href":"https:\/\/terramarecielo.it\/associazione\/wp-json\/wp\/v2\/product_brand?post=9562"},{"taxonomy":"product_cat","embeddable":true,"href":"https:\/\/terramarecielo.it\/associazione\/wp-json\/wp\/v2\/product_cat?post=9562"},{"taxonomy":"product_tag","embeddable":true,"href":"https:\/\/terramarecielo.it\/associazione\/wp-json\/wp\/v2\/product_tag?post=9562"}],"curies":[{"name":"wp","href":"https:\/\/api.w.org\/{rel}","templated":true}]}}